{"id":40639,"date":"2026-05-09T18:00:42","date_gmt":"2026-05-09T23:00:42","guid":{"rendered":"https:\/\/red360digital.com\/?page_id=40639"},"modified":"2026-05-10T05:49:25","modified_gmt":"2026-05-10T05:49:25","slug":"rusia-celebra-el-dia-de-la-victoria-con-desfile-atipico-en-la-plaza-roja-y-bajo-seguridad","status":"publish","type":"page","link":"https:\/\/red360digital.com\/?page_id=40639","title":{"rendered":"Rusia celebra el D\u00eda de la Victoria con desfile at\u00edpico en la Plaza Roja y bajo seguridad"},"content":{"rendered":"<p>\ud83d\udd38 El desfile se llev\u00f3 a cabo sin tanques, misiles y armas pesadas debido a la amenaza de ataques ucranianos.<\/p>\n<p>#RUSIA | El presidente de Rusia, Vladimir Putin, expres\u00f3 el s\u00e1bado su confianza en la victoria en la guerra en Ucrania mientras supervisaba un desfile militar en la Plaza Roja para conmemorar la derrota de la Alemania nazi en la Segunda Guerra Mundial \u2014un espect\u00e1culo sin armamento pesado por primera vez en casi dos d\u00e9cadas.<\/p>\n<p>La seguridad era estricta en Mosc\u00fa, donde Putin y varios l\u00edderes extranjeros asistieron al desfile, que mantuvo el bajo perfil despu\u00e9s incluso de que el alto el fuego de tres d\u00edas negociado por Estados Unidos alivi\u00f3 la preocupaci\u00f3n sobre posibles intentos ucranianos de perturbar las celebraciones.<\/p>\n<p>Putin, en el poder desde hace m\u00e1s de un cuarto de siglo, ha aprovechado el D\u00eda de la Victoria, la festividad laica m\u00e1s importante de Rusia, para exhibir el poder\u00edo militar del pa\u00eds y reunir apoyo para su acci\u00f3n militar en Ucrania, que va ya por su quinto a\u00f1o.<\/p>\n<p>En su intervenci\u00f3n en el desfile, Putin elogi\u00f3 a las tropas rusas que combaten en Ucrania, apuntando que \u201cse enfrentan a una fuerza agresiva que est\u00e1 armada y apoyada por todo el bloque de la OTAN\u201d.<\/p>\n<p>\u201cLa victoria siempre ha sido y ser\u00e1 nuestra\u201d, afirm\u00f3 mientras columnas de soldados se alineaban en la Plaza Roja. \u201cLa clave del \u00e9xito es nuestra fortaleza moral, coraje y valor, nuestra unidad y capacidad de soportar cualquier cosa y superar cualquier desaf\u00edo\u201d.<\/p>\n<p>Pero en un cambio notable este a\u00f1o, el desfile se llev\u00f3 a cabo sin tanques, misiles y otras armas pesadas, aparte de la tradicional exhibici\u00f3n a\u00e9rea de aviones de combate.<\/p>\n<p>Las autoridades indicaron que el repentino cambio de formato se debe a la \u201csituaci\u00f3n operativa actual\u201d, se\u00f1alando la amenaza de ataques ucranianos, que se han adoptado medidas de seguridad adicionales.<\/p>\n<p>Por primera vez, el desfile del s\u00e1bado cont\u00f3 con soldados de Corea del Norte, un tributo a Pyongyang, que envi\u00f3 a sus tropas a combatir junto a las de Mosc\u00fa para repeler una incursi\u00f3n ucraniana en la regi\u00f3n rusa de Kursk.<\/p>\n<p>#Rusia #Celebra #D\u00edaDeLaVictoria #Con #Desfile #At\u00edpico #PlazaRoja #Bajo #Seguridad<\/p>\n","protected":false},"excerpt":{"rendered":"<p>\ud83d\udd38 El desfile se llev\u00f3 a cabo sin tanques, misiles y armas pesadas debido a la amenaza de ataques ucranianos. #RUSIA | El presidente de Rusia, Vladimir Putin, expres\u00f3 el s\u00e1bado su confianza en la victoria en la guerra en Ucrania mientras supervisaba un desfile militar en la Plaza Roja para conmemorar la derrota de [&hellip;]<\/p>\n","protected":false},"author":1,"featured_media":40641,"parent":0,"menu_order":0,"comment_status":"open","ping_status":"closed","template":"","meta":{"footnotes":""},"class_list":["post-40639","page","type-page","status-publish","has-post-thumbnail","hentry"],"_links":{"self":[{"href":"https:\/\/red360digital.com\/index.php?rest_route=\/wp\/v2\/pages\/40639","targetHints":{"allow":["GET"]}}],"collection":[{"href":"https:\/\/red360digital.com\/index.php?rest_route=\/wp\/v2\/pages"}],"about":[{"href":"https:\/\/red360digital.com\/index.php?rest_route=\/wp\/v2\/types\/page"}],"author":[{"embeddable":true,"href":"https:\/\/red360digital.com\/index.php?rest_route=\/wp\/v2\/users\/1"}],"replies":[{"embeddable":true,"href":"https:\/\/red360digital.com\/index.php?rest_route=%2Fwp%2Fv2%2Fcomments&post=40639"}],"version-history":[{"count":1,"href":"https:\/\/red360digital.com\/index.php?rest_route=\/wp\/v2\/pages\/40639\/revisions"}],"predecessor-version":[{"id":40640,"href":"https:\/\/red360digital.com\/index.php?rest_route=\/wp\/v2\/pages\/40639\/revisions\/40640"}],"wp:featuredmedia":[{"embeddable":true,"href":"https:\/\/red360digital.com\/index.php?rest_route=\/wp\/v2\/media\/40641"}],"wp:attachment":[{"href":"https:\/\/red360digital.com\/index.php?rest_route=%2Fwp%2Fv2%2Fmedia&parent=40639"}],"curies":[{"name":"wp","href":"https:\/\/api.w.org\/{rel}","templated":true}]}}